{"id":686,"date":"2020-05-08T02:01:43","date_gmt":"2020-05-08T00:01:43","guid":{"rendered":"http:\/\/euroclub25.net\/?page_id=686"},"modified":"2023-04-03T20:18:22","modified_gmt":"2023-04-03T19:18:22","slug":"euro-club-25-gone-radio","status":"publish","type":"page","link":"https:\/\/euroclub25.net\/?page_id=686","title":{"rendered":"Euro Club 25 &#8211; Gone Radio"},"content":{"rendered":"\n<h1 class=\"has-text-color\" style=\"color:#4d00a3\"><strong>Classement Euro Club 25<\/strong><\/h1><hr>\n\n\n\n<h2 class='has-text-color' style='color:#4d00a3'><strong>Edition du 2 Mai 2026<\/strong><\/h2><hr><table style='border:none;cellspacing:0px;rules=row' rules='row'><tr><td width='50px' style='border-top:1px;border-right:0px;border-left:0px;'><strong><span class='has-text-color' style='color:#4d00a3;float:left;'>1<\/strong><span class='has-small-font-size' style='font-size:x-small;float: left;'>&nbsp;&nbsp;(=)<\/span><\/span><\/td><td><span class='has-text-color' style='float: left;'><strong>BEBE REXHA, FAITHLESS - <\/strong>New Religion<\/span><\/td><\/tr><tr><td width='50px' style='border-top:1px;border-right:0px;border-left:0px;'><strong><span class='has-text-color' style='color:#4d00a3;float:left;'>2<\/strong><span class='has-small-font-size' style='font-size:x-small;float: left;'>&nbsp;&nbsp;(=)<\/span><\/span><\/td><td><span class='has-text-color' style='float: left;'><strong>JENNIFER LOPEZ, DAVID GUETTA - <\/strong>Save Me Tonight<\/span><\/td><\/tr><tr><td width='50px' style='border-top:1px;border-right:0px;border-left:0px;'><strong><span class='has-text-color' style='color:#4d00a3;float:left;'>3<\/strong><span class='has-small-font-size' style='font-size:x-small;float: left;'>&nbsp;&nbsp;(=)<\/span><\/span><\/td><td><span class='has-text-color' style='float: left;'><strong>BOB SINCLAR & KIESZA - <\/strong>I Can\u2019t Wait<\/span><\/td><\/tr><tr><td width='50px' style='border-top:1px;border-right:0px;border-left:0px;'><strong><span class='has-text-color' style='color:#4d00a3;float:left;'>4<\/strong><span class='has-small-font-size' style='font-size:x-small;float: left;'>&nbsp;&nbsp;(+1)<\/span><\/span><\/td><td><span class='has-text-color' style='float: left;'><strong>ANOTR X 54 ULTRA - <\/strong>Talk To You<\/span><\/td><\/tr><tr><td width='50px' style='border-top:1px;border-right:0px;border-left:0px;'><strong><span class='has-text-color' style='color:#4d00a3;float:left;'>5<\/strong><span class='has-small-font-size' style='font-size:x-small;float: left;'>&nbsp;&nbsp;(+1)<\/span><\/span><\/td><td><span class='has-text-color' style='float: left;'><strong>CALVIN HARRIS, KASABIAN - <\/strong>Release The Pressure<\/span><\/td><\/tr><tr><td width='50px' style='border-top:1px;border-right:0px;border-left:0px;'><strong><span class='has-text-color' style='color:#4d00a3;float:left;'>6<\/strong><span class='has-small-font-size' style='font-size:x-small;float: left;'>&nbsp;&nbsp;(+2)<\/span><\/span><\/td><td><span class='has-text-color' style='float: left;'><strong>DAVID GUETTA & HYPATON - <\/strong>Walked Away<\/span><\/td><\/tr><tr><td width='50px' style='border-top:1px;border-right:0px;border-left:0px;'><strong><span class='has-text-color' style='color:#4d00a3;float:left;'>7<\/strong><span class='has-small-font-size' style='font-size:x-small;float: left;'>&nbsp;&nbsp;(=)<\/span><\/span><\/td><td><span class='has-text-color' style='float: left;'><strong>GORDO X REINIER ZONNEVELD - <\/strong>Loco Loco<\/span><\/td><\/tr><tr><td width='50px' style='border-top:1px;border-right:0px;border-left:0px;'><strong><span class='has-text-color' style='color:#4d00a3;float:left;'>8<\/strong><span class='has-small-font-size' style='font-size:x-small;float: left;'>&nbsp;&nbsp;(+2)<\/span><\/span><\/td><td><span class='has-text-color' style='float: left;'><strong>TI\u00cbSTO  WITH BRIEANNA GRACE - <\/strong>Beautiful Places<\/span><\/td><\/tr><tr><td width='50px' style='border-top:1px;border-right:0px;border-left:0px;'><strong><span class='has-text-color' style='color:#4d00a3;float:left;'>9<\/strong><span class='has-small-font-size' style='font-size:x-small;float: left;'>&nbsp;&nbsp;(=)<\/span><\/span><\/td><td><span class='has-text-color' style='float: left;'><strong>FAITHLESS - <\/strong>Insomnia (disclosure`s 2025 Edit)<\/span><\/td><\/tr><tr><td width='50px' style='border-top:1px;border-right:0px;border-left:0px;'><strong><span class='has-text-color' style='color:#4d00a3;float:left;'>10<\/strong><span class='has-small-font-size' style='font-size:x-small;float: left;'>&nbsp;&nbsp;(-6)<\/span><\/span><\/td><td><span class='has-text-color' style='float: left;'><strong>JADEN BOJSEN & DAVID GUETTA - <\/strong>Upside Down (extended Mix)<\/span><\/td><\/tr><tr><td width='50px' style='border-top:1px;border-right:0px;border-left:0px;'><strong><span class='has-text-color' style='color:#4d00a3;float:left;'>11<\/strong><span class='has-small-font-size' style='font-size:x-small;float: left;'>&nbsp;&nbsp;(=)<\/span><\/span><\/td><td><span class='has-text-color' style='float: left;'><strong>FELIX JAEHN & CASCADA - <\/strong>Boy You Turn Me<\/span><\/td><\/tr><tr><td width='50px' style='border-top:1px;border-right:0px;border-left:0px;'><strong><span class='has-text-color' style='color:#4d00a3;float:left;'>12<\/strong><span class='has-small-font-size' style='font-size:x-small;float: left;'>&nbsp;&nbsp;(=)<\/span><\/span><\/td><td><span class='has-text-color' style='float: left;'><strong>KUNGS X BOYS NOIZE - <\/strong>Get Away<\/span><\/td><\/tr><tr><td width='50px' style='border-top:1px;border-right:0px;border-left:0px;'><strong><span class='has-text-color' style='color:#4d00a3;float:left;'>13<\/strong><span class='has-small-font-size' style='font-size:x-small;float: left;'>&nbsp;&nbsp;(+7)<\/span><\/span><\/td><td><span class='has-text-color' style='float: left;'><strong>ARMAND VAN HELDEN & MARK KNIGHT & D.RAMIREZ - <\/strong>You<\/span><\/td><\/tr><tr><td width='50px' style='border-top:1px;border-right:0px;border-left:0px;'><strong><span class='has-text-color' style='color:#4d00a3;float:left;'>14<\/strong><span class='has-small-font-size' style='font-size:x-small;float: left;'>&nbsp;&nbsp;(+1)<\/span><\/span><\/td><td><span class='has-text-color' style='float: left;'><strong>JAMES HYPE - <\/strong>Be Mine<\/span><\/td><\/tr><tr><td width='50px' style='border-top:1px;border-right:0px;border-left:0px;'><strong><span class='has-text-color' style='color:#4d00a3;float:left;'>15<\/strong><span class='has-small-font-size' style='font-size:x-small;float: left;'>&nbsp;&nbsp;(in)<\/span><\/span><\/td><td><span class='has-text-color' style='float: left;'><strong>PROSPA & CLOONEE - <\/strong>Free Your Mind<\/span><\/td><\/tr><tr><td width='50px' style='border-top:1px;border-right:0px;border-left:0px;'><strong><span class='has-text-color' style='color:#4d00a3;float:left;'>16<\/strong><span class='has-small-font-size' style='font-size:x-small;float: left;'>&nbsp;&nbsp;(-3)<\/span><\/span><\/td><td><span class='has-text-color' style='float: left;'><strong>KATO ft. JON, CLAUDE NJOYA - <\/strong>Turn The Lights Off<\/span><\/td><\/tr><tr><td width='50px' style='border-top:1px;border-right:0px;border-left:0px;'><strong><span class='has-text-color' style='color:#4d00a3;float:left;'>17<\/strong><span class='has-small-font-size' style='font-size:x-small;float: left;'>&nbsp;&nbsp;(-1)<\/span><\/span><\/td><td><span class='has-text-color' style='float: left;'><strong>SUPAFLY, LUVSTRUCK, SHAYA - <\/strong>Stronger Than Before<\/span><\/td><\/tr><tr><td width='50px' style='border-top:1px;border-right:0px;border-left:0px;'><strong><span class='has-text-color' style='color:#4d00a3;float:left;'>18<\/strong><span class='has-small-font-size' style='font-size:x-small;float: left;'>&nbsp;&nbsp;(-4)<\/span><\/span><\/td><td><span class='has-text-color' style='float: left;'><strong>HAVEN., KAITLIN ARAGON - <\/strong>I Run<\/span><\/td><\/tr><tr><td width='50px' style='border-top:1px;border-right:0px;border-left:0px;'><strong><span class='has-text-color' style='color:#4d00a3;float:left;'>19<\/strong><span class='has-small-font-size' style='font-size:x-small;float: left;'>&nbsp;&nbsp;(-2)<\/span><\/span><\/td><td><span class='has-text-color' style='float: left;'><strong>KUNGS - <\/strong>Galaxy<\/span><\/td><\/tr><tr><td width='50px' style='border-top:1px;border-right:0px;border-left:0px;'><strong><span class='has-text-color' style='color:#4d00a3;float:left;'>20<\/strong><span class='has-small-font-size' style='font-size:x-small;float: left;'>&nbsp;&nbsp;(-2)<\/span><\/span><\/td><td><span class='has-text-color' style='float: left;'><strong>DAVID GUETTA & MORTEN ft. TRIPPIE REDD - <\/strong>Locked In<\/span><\/td><\/tr><tr><td width='50px' style='border-top:1px;border-right:0px;border-left:0px;'><strong><span class='has-text-color' style='color:#4d00a3;float:left;'>21<\/strong><span class='has-small-font-size' style='font-size:x-small;float: left;'>&nbsp;&nbsp;(in)<\/span><\/span><\/td><td><span class='has-text-color' style='float: left;'><strong>ALOK & KHALID - <\/strong>Dive Into Me<\/span><\/td><\/tr><tr><td width='50px' style='border-top:1px;border-right:0px;border-left:0px;'><strong><span class='has-text-color' style='color:#4d00a3;float:left;'>22<\/strong><span class='has-small-font-size' style='font-size:x-small;float: left;'>&nbsp;&nbsp;(in)<\/span><\/span><\/td><td><span class='has-text-color' style='float: left;'><strong>FISHER X TONES AND I - <\/strong>Favour<\/span><\/td><\/tr><tr><td width='50px' style='border-top:1px;border-right:0px;border-left:0px;'><strong><span class='has-text-color' style='color:#4d00a3;float:left;'>23<\/strong><span class='has-small-font-size' style='font-size:x-small;float: left;'>&nbsp;&nbsp;(-4)<\/span><\/span><\/td><td><span class='has-text-color' style='float: left;'><strong>SONNY FODERA, D.O.D, POPPY BASKCOMB - <\/strong>Think About Us<\/span><\/td><\/tr><tr><td width='50px' style='border-top:1px;border-right:0px;border-left:0px;'><strong><span class='has-text-color' style='color:#4d00a3;float:left;'>24<\/strong><span class='has-small-font-size' style='font-size:x-small;float: left;'>&nbsp;&nbsp;(+1)<\/span><\/span><\/td><td><span class='has-text-color' style='float: left;'><strong>MEDUZA ft. HENRY CAMAMILE - <\/strong>Don\u2019t Wanna Go Home<\/span><\/td><\/tr><tr><td width='50px' style='border-top:1px;border-right:0px;border-left:0px;'><strong><span class='has-text-color' style='color:#4d00a3;float:left;'>25<\/strong><span class='has-small-font-size' style='font-size:x-small;float: left;'>&nbsp;&nbsp;(-2)<\/span><\/span><\/td><td><span class='has-text-color' style='float: left;'><strong>JOHN NEWMAN - <\/strong>Love Me Again [again]<\/span><\/td><\/tr><\/table>\n\n\n\n<p class=\"has-small-font-size\">Plus d&rsquo;informations sur le classement : <a rel=\"noreferrer noopener\" href=\"https:\/\/www.euroclub25.net\" target=\"_blank\">www.euroclub25.net<\/a><\/p>\n\n\n\n<ul class=\"wp-block-social-links is-layout-flex wp-block-social-links-is-layout-flex\">\n\n<li class=\"wp-social-link wp-social-link-facebook  wp-block-social-link\"><a href=\"https:\/\/www.facebook.com\/EuroClub25\/\" class=\"wp-block-social-link-anchor\"><svg width=\"24\" height=\"24\" viewBox=\"0 0 24 24\" version=\"1.1\" xmlns=\"http:\/\/www.w3.org\/2000\/svg\" aria-hidden=\"true\" focusable=\"false\"><path d=\"M12 2C6.5 2 2 6.5 2 12c0 5 3.7 9.1 8.4 9.9v-7H7.9V12h2.5V9.8c0-2.5 1.5-3.9 3.8-3.9 1.1 0 2.2.2 2.2.2v2.5h-1.3c-1.2 0-1.6.8-1.6 1.6V12h2.8l-.4 2.9h-2.3v7C18.3 21.1 22 17 22 12c0-5.5-4.5-10-10-10z\"><\/path><\/svg><span class=\"wp-block-social-link-label screen-reader-text\">Facebook<\/span><\/a><\/li>\n\n\n\n\n\n\n\n\n\n<\/ul>\n\n\n\n<p><\/p>\n","protected":false},"excerpt":{"rendered":"<p>Classement Euro Club 25 Plus d&rsquo;informations sur le classement : www.euroclub25.net<\/p>\n","protected":false},"author":2,"featured_media":0,"parent":0,"menu_order":0,"comment_status":"closed","ping_status":"closed","template":"page-templates\/template-pagebuilder-blank.php","meta":{"advgb_blocks_editor_width":"","advgb_blocks_columns_visual_guide":"","jetpack_post_was_ever_published":false,"footnotes":""},"class_list":["post-686","page","type-page","status-publish","hentry"],"coauthors":[],"author_meta":{"author_link":"https:\/\/euroclub25.net\/?author=2","display_name":"Eric Pyren"},"relative_dates":{"created":"Publi\u00e9 6 ans il y a","modified":"Mis \u00e0 jour 3 ans il y a"},"absolute_dates":{"created":"Publi\u00e9 le 08\/05\/2020","modified":"Mise \u00e0 jour le 03\/04\/2023"},"absolute_dates_time":{"created":"Publi\u00e9 le 08\/05\/2020 2:01 am","modified":"Mise \u00e0 jour le 03\/04\/2023 8:18 pm"},"featured_img_caption":"","featured_img":false,"series_order":"","featured_image_src":null,"featured_image_src_square":null,"jetpack_sharing_enabled":true,"_links":{"self":[{"href":"https:\/\/euroclub25.net\/index.php?rest_route=\/wp\/v2\/pages\/686","targetHints":{"allow":["GET"]}}],"collection":[{"href":"https:\/\/euroclub25.net\/index.php?rest_route=\/wp\/v2\/pages"}],"about":[{"href":"https:\/\/euroclub25.net\/index.php?rest_route=\/wp\/v2\/types\/page"}],"author":[{"embeddable":true,"href":"https:\/\/euroclub25.net\/index.php?rest_route=\/wp\/v2\/users\/2"}],"replies":[{"embeddable":true,"href":"https:\/\/euroclub25.net\/index.php?rest_route=%2Fwp%2Fv2%2Fcomments&post=686"}],"version-history":[{"count":22,"href":"https:\/\/euroclub25.net\/index.php?rest_route=\/wp\/v2\/pages\/686\/revisions"}],"predecessor-version":[{"id":1393,"href":"https:\/\/euroclub25.net\/index.php?rest_route=\/wp\/v2\/pages\/686\/revisions\/1393"}],"wp:attachment":[{"href":"https:\/\/euroclub25.net\/index.php?rest_route=%2Fwp%2Fv2%2Fmedia&parent=686"}],"curies":[{"name":"wp","href":"https:\/\/api.w.org\/{rel}","templated":true}]}}