{"id":710,"date":"2020-05-11T15:18:55","date_gmt":"2020-05-11T13:18:55","guid":{"rendered":"https:\/\/euroclub25.net\/?page_id=710"},"modified":"2023-09-26T09:21:23","modified_gmt":"2023-09-26T08:21:23","slug":"les-radios-partenaires-de-leuro-club-25","status":"publish","type":"page","link":"https:\/\/euroclub25.net\/?page_id=710","title":{"rendered":"Les radios partenaires de l&rsquo;Euro Club 25"},"content":{"rendered":"\n<hr class=\"wp-block-separator has-css-opacity is-style-wide\"\/>\n\n\n\n<div class=\"wp-block-media-text alignwide is-stacked-on-mobile is-vertically-aligned-top\" style=\"grid-template-columns:23% auto\"><figure class=\"wp-block-media-text__media\"><img data-recalc-dims=\"1\" loading=\"lazy\" decoding=\"async\" width=\"200\" height=\"200\" data-attachment-id=\"1384\" data-permalink=\"https:\/\/euroclub25.net\/?attachment_id=1384\" data-orig-file=\"https:\/\/i0.wp.com\/euroclub25.net\/wp-content\/uploads\/2021\/12\/logo-pulsradio.png?fit=200%2C200&amp;ssl=1\" data-orig-size=\"200,200\" data-comments-opened=\"0\" data-image-meta=\"{&quot;aperture&quot;:&quot;0&quot;,&quot;credit&quot;:&quot;&quot;,&quot;camera&quot;:&quot;&quot;,&quot;caption&quot;:&quot;&quot;,&quot;created_timestamp&quot;:&quot;0&quot;,&quot;copyright&quot;:&quot;&quot;,&quot;focal_length&quot;:&quot;0&quot;,&quot;iso&quot;:&quot;0&quot;,&quot;shutter_speed&quot;:&quot;0&quot;,&quot;title&quot;:&quot;&quot;,&quot;orientation&quot;:&quot;0&quot;}\" data-image-title=\"logo-pulsradio\" data-image-description=\"\" data-image-caption=\"\" data-medium-file=\"https:\/\/i0.wp.com\/euroclub25.net\/wp-content\/uploads\/2021\/12\/logo-pulsradio.png?fit=200%2C200&amp;ssl=1\" data-large-file=\"https:\/\/i0.wp.com\/euroclub25.net\/wp-content\/uploads\/2021\/12\/logo-pulsradio.png?fit=200%2C200&amp;ssl=1\" src=\"https:\/\/i0.wp.com\/euroclub25.net\/wp-content\/uploads\/2021\/12\/logo-pulsradio.png?resize=200%2C200&#038;ssl=1\" alt=\"\" class=\"wp-image-1384 size-full\" srcset=\"https:\/\/i0.wp.com\/euroclub25.net\/wp-content\/uploads\/2021\/12\/logo-pulsradio.png?w=200&amp;ssl=1 200w, https:\/\/i0.wp.com\/euroclub25.net\/wp-content\/uploads\/2021\/12\/logo-pulsradio.png?resize=150%2C150&amp;ssl=1 150w, https:\/\/i0.wp.com\/euroclub25.net\/wp-content\/uploads\/2021\/12\/logo-pulsradio.png?resize=50%2C50&amp;ssl=1 50w\" sizes=\"auto, (max-width: 200px) 100vw, 200px\" \/><\/figure><div class=\"wp-block-media-text__content\">\n<p><\/p>\n\n\n\n<p class=\"has-large-font-size\"><strong>Samedi 20h &gt; 22h<\/strong><\/p>\n\n\n\n<p><strong>Puls&rsquo; Radio : <\/strong><a rel=\"noreferrer noopener\" href=\"http:\/\/www.pulsradio.com\/\" target=\"_blank\">https:\/\/www.pulsradio.com\/<\/a><\/p>\n<\/div><\/div>\n\n\n\n<hr class=\"wp-block-separator has-css-opacity is-style-wide\"\/>\n\n\n\n<div class=\"wp-block-media-text alignwide is-stacked-on-mobile is-vertically-aligned-top\" style=\"grid-template-columns:23% auto\"><figure class=\"wp-block-media-text__media\"><img data-recalc-dims=\"1\" loading=\"lazy\" decoding=\"async\" width=\"190\" height=\"190\" data-attachment-id=\"63\" data-permalink=\"https:\/\/euroclub25.net\/?attachment_id=63\" data-orig-file=\"https:\/\/i0.wp.com\/euroclub25.net\/wp-content\/uploads\/2015\/02\/G-One.png?fit=190%2C190&amp;ssl=1\" data-orig-size=\"190,190\" data-comments-opened=\"1\" data-image-meta=\"{&quot;aperture&quot;:&quot;0&quot;,&quot;credit&quot;:&quot;&quot;,&quot;camera&quot;:&quot;&quot;,&quot;caption&quot;:&quot;&quot;,&quot;created_timestamp&quot;:&quot;0&quot;,&quot;copyright&quot;:&quot;&quot;,&quot;focal_length&quot;:&quot;0&quot;,&quot;iso&quot;:&quot;0&quot;,&quot;shutter_speed&quot;:&quot;0&quot;,&quot;title&quot;:&quot;&quot;,&quot;orientation&quot;:&quot;0&quot;}\" data-image-title=\"G-One\" data-image-description=\"\" data-image-caption=\"\" data-medium-file=\"https:\/\/i0.wp.com\/euroclub25.net\/wp-content\/uploads\/2015\/02\/G-One.png?fit=190%2C190&amp;ssl=1\" data-large-file=\"https:\/\/i0.wp.com\/euroclub25.net\/wp-content\/uploads\/2015\/02\/G-One.png?fit=190%2C190&amp;ssl=1\" src=\"https:\/\/i0.wp.com\/euroclub25.net\/wp-content\/uploads\/2015\/02\/G-One.png?resize=190%2C190&#038;ssl=1\" alt=\"\" class=\"wp-image-63 size-full\" srcset=\"https:\/\/i0.wp.com\/euroclub25.net\/wp-content\/uploads\/2015\/02\/G-One.png?w=190&amp;ssl=1 190w, https:\/\/i0.wp.com\/euroclub25.net\/wp-content\/uploads\/2015\/02\/G-One.png?resize=150%2C150&amp;ssl=1 150w\" sizes=\"auto, (max-width: 190px) 100vw, 190px\" \/><\/figure><div class=\"wp-block-media-text__content\">\n<p class=\"has-large-font-size\"><strong>Samedi 18h &gt; 20h<\/strong><\/p>\n\n\n\n<p><strong>G One Radio<\/strong> : <a rel=\"noreferrer noopener\" href=\"https:\/\/www.goneradio.com\/\" target=\"_blank\">https:\/\/www.goneradio.com\/<\/a><\/p>\n<\/div><\/div>\n\n\n\n<hr class=\"wp-block-separator has-css-opacity is-style-wide\"\/>\n\n\n\n<div class=\"wp-block-media-text alignwide is-stacked-on-mobile is-vertically-aligned-top\" style=\"grid-template-columns:23% auto\"><figure class=\"wp-block-media-text__media\"><img data-recalc-dims=\"1\" loading=\"lazy\" decoding=\"async\" width=\"300\" height=\"300\" data-attachment-id=\"1383\" data-permalink=\"https:\/\/euroclub25.net\/?attachment_id=1383\" data-orig-file=\"https:\/\/i0.wp.com\/euroclub25.net\/wp-content\/uploads\/2021\/12\/Hit1.png?fit=300%2C300&amp;ssl=1\" data-orig-size=\"300,300\" data-comments-opened=\"0\" data-image-meta=\"{&quot;aperture&quot;:&quot;0&quot;,&quot;credit&quot;:&quot;&quot;,&quot;camera&quot;:&quot;&quot;,&quot;caption&quot;:&quot;&quot;,&quot;created_timestamp&quot;:&quot;0&quot;,&quot;copyright&quot;:&quot;&quot;,&quot;focal_length&quot;:&quot;0&quot;,&quot;iso&quot;:&quot;0&quot;,&quot;shutter_speed&quot;:&quot;0&quot;,&quot;title&quot;:&quot;&quot;,&quot;orientation&quot;:&quot;0&quot;}\" data-image-title=\"Hit1\" data-image-description=\"\" data-image-caption=\"\" data-medium-file=\"https:\/\/i0.wp.com\/euroclub25.net\/wp-content\/uploads\/2021\/12\/Hit1.png?fit=300%2C300&amp;ssl=1\" data-large-file=\"https:\/\/i0.wp.com\/euroclub25.net\/wp-content\/uploads\/2021\/12\/Hit1.png?fit=300%2C300&amp;ssl=1\" src=\"https:\/\/i0.wp.com\/euroclub25.net\/wp-content\/uploads\/2021\/12\/Hit1.png?resize=300%2C300&#038;ssl=1\" alt=\"\" class=\"wp-image-1383 size-full\" srcset=\"https:\/\/i0.wp.com\/euroclub25.net\/wp-content\/uploads\/2021\/12\/Hit1.png?w=300&amp;ssl=1 300w, https:\/\/i0.wp.com\/euroclub25.net\/wp-content\/uploads\/2021\/12\/Hit1.png?resize=150%2C150&amp;ssl=1 150w, https:\/\/i0.wp.com\/euroclub25.net\/wp-content\/uploads\/2021\/12\/Hit1.png?resize=50%2C50&amp;ssl=1 50w\" sizes=\"auto, (max-width: 300px) 100vw, 300px\" \/><\/figure><div class=\"wp-block-media-text__content\">\n<p class=\"has-large-font-size\"><strong>Samedi 18h &gt; 20h<\/strong><\/p>\n\n\n\n<p><strong>Hits 1 Radio<\/strong> : <a rel=\"noreferrer noopener\" href=\"https:\/\/www.hits1radio.com\/\" target=\"_blank\">https:\/\/www.hits1radio.com<\/a><\/p>\n\n\n\n<p><strong>DAB + :<\/strong><\/p>\n\n\n\n<p>France : De Menton \u00e0 Saint Tropez<\/p>\n\n\n\n<p>Espagne : &nbsp;Sur la Costa Blanca \u00e0 Valence, Murcia et Ibiza<\/p>\n<\/div><\/div>\n\n\n\n<hr class=\"wp-block-separator has-css-opacity is-style-wide\"\/>\n\n\n\n<div class=\"wp-block-media-text alignwide is-stacked-on-mobile is-vertically-aligned-top\" style=\"grid-template-columns:23% auto\"><figure class=\"wp-block-media-text__media\"><img data-recalc-dims=\"1\" loading=\"lazy\" decoding=\"async\" width=\"300\" height=\"300\" data-attachment-id=\"1397\" data-permalink=\"https:\/\/euroclub25.net\/?attachment_id=1397\" data-orig-file=\"https:\/\/i0.wp.com\/euroclub25.net\/wp-content\/uploads\/2022\/01\/M40.png?fit=300%2C300&amp;ssl=1\" data-orig-size=\"300,300\" data-comments-opened=\"0\" data-image-meta=\"{&quot;aperture&quot;:&quot;0&quot;,&quot;credit&quot;:&quot;&quot;,&quot;camera&quot;:&quot;&quot;,&quot;caption&quot;:&quot;&quot;,&quot;created_timestamp&quot;:&quot;0&quot;,&quot;copyright&quot;:&quot;&quot;,&quot;focal_length&quot;:&quot;0&quot;,&quot;iso&quot;:&quot;0&quot;,&quot;shutter_speed&quot;:&quot;0&quot;,&quot;title&quot;:&quot;&quot;,&quot;orientation&quot;:&quot;0&quot;}\" data-image-title=\"M40\" data-image-description=\"\" data-image-caption=\"\" data-medium-file=\"https:\/\/i0.wp.com\/euroclub25.net\/wp-content\/uploads\/2022\/01\/M40.png?fit=300%2C300&amp;ssl=1\" data-large-file=\"https:\/\/i0.wp.com\/euroclub25.net\/wp-content\/uploads\/2022\/01\/M40.png?fit=300%2C300&amp;ssl=1\" src=\"https:\/\/i0.wp.com\/euroclub25.net\/wp-content\/uploads\/2022\/01\/M40.png?resize=300%2C300&#038;ssl=1\" alt=\"\" class=\"wp-image-1397 size-full\" srcset=\"https:\/\/i0.wp.com\/euroclub25.net\/wp-content\/uploads\/2022\/01\/M40.png?w=300&amp;ssl=1 300w, https:\/\/i0.wp.com\/euroclub25.net\/wp-content\/uploads\/2022\/01\/M40.png?resize=150%2C150&amp;ssl=1 150w, https:\/\/i0.wp.com\/euroclub25.net\/wp-content\/uploads\/2022\/01\/M40.png?resize=50%2C50&amp;ssl=1 50w\" sizes=\"auto, (max-width: 300px) 100vw, 300px\" \/><\/figure><div class=\"wp-block-media-text__content\">\n<p class=\"has-large-font-size\"><strong>Samedi 20h &gt; 22h<\/strong><\/p>\n\n\n\n<p><strong>M40, la musique fra\u00eeche<\/strong> : <a href=\"https:\/\/m40radio.fr\" target=\"_blank\" rel=\"noreferrer noopener\">https:\/\/m40radio.fr<\/a><\/p>\n<\/div><\/div>\n\n\n\n<hr class=\"wp-block-separator has-css-opacity is-style-wide\"\/>\n\n\n\n<div class=\"wp-block-media-text alignwide is-stacked-on-mobile is-vertically-aligned-top\" style=\"grid-template-columns:23% auto\"><figure class=\"wp-block-media-text__media\"><img data-recalc-dims=\"1\" loading=\"lazy\" decoding=\"async\" width=\"750\" height=\"434\" data-attachment-id=\"724\" data-permalink=\"https:\/\/euroclub25.net\/?attachment_id=724\" data-orig-file=\"https:\/\/i0.wp.com\/euroclub25.net\/wp-content\/uploads\/2020\/05\/yao.png?fit=865%2C501&amp;ssl=1\" data-orig-size=\"865,501\" data-comments-opened=\"1\" data-image-meta=\"{&quot;aperture&quot;:&quot;0&quot;,&quot;credit&quot;:&quot;&quot;,&quot;camera&quot;:&quot;&quot;,&quot;caption&quot;:&quot;&quot;,&quot;created_timestamp&quot;:&quot;0&quot;,&quot;copyright&quot;:&quot;&quot;,&quot;focal_length&quot;:&quot;0&quot;,&quot;iso&quot;:&quot;0&quot;,&quot;shutter_speed&quot;:&quot;0&quot;,&quot;title&quot;:&quot;&quot;,&quot;orientation&quot;:&quot;0&quot;}\" data-image-title=\"yao\" data-image-description=\"\" data-image-caption=\"\" data-medium-file=\"https:\/\/i0.wp.com\/euroclub25.net\/wp-content\/uploads\/2020\/05\/yao.png?fit=300%2C174&amp;ssl=1\" data-large-file=\"https:\/\/i0.wp.com\/euroclub25.net\/wp-content\/uploads\/2020\/05\/yao.png?fit=750%2C434&amp;ssl=1\" src=\"https:\/\/i0.wp.com\/euroclub25.net\/wp-content\/uploads\/2020\/05\/yao.png?resize=750%2C434&#038;ssl=1\" alt=\"\" class=\"wp-image-724 size-full\" srcset=\"https:\/\/i0.wp.com\/euroclub25.net\/wp-content\/uploads\/2020\/05\/yao.png?w=865&amp;ssl=1 865w, https:\/\/i0.wp.com\/euroclub25.net\/wp-content\/uploads\/2020\/05\/yao.png?resize=300%2C174&amp;ssl=1 300w, https:\/\/i0.wp.com\/euroclub25.net\/wp-content\/uploads\/2020\/05\/yao.png?resize=768%2C445&amp;ssl=1 768w\" sizes=\"auto, (max-width: 750px) 100vw, 750px\" \/><\/figure><div class=\"wp-block-media-text__content\">\n<p class=\"has-large-font-size\"><strong>Vendredi 21h &gt; 23h<\/strong><\/p>\n\n\n\n<p>(rediff Samedi 21h &gt; 23h)<br><strong>YAO FM &#8211; Mayotte &#8211; 106.2Mhz <\/strong> <a href=\"https:\/\/futuradios.com\/page\/nous-ecouter-11\">: www.yaofm.net<\/a><\/p>\n<\/div><\/div>\n\n\n\n<hr class=\"wp-block-separator has-css-opacity is-style-wide\"\/>\n\n\n\n<div class=\"wp-block-media-text alignwide is-stacked-on-mobile\" style=\"grid-template-columns:23% auto\"><figure class=\"wp-block-media-text__media\"><a href=\"https:\/\/generation.dance\"><img data-recalc-dims=\"1\" loading=\"lazy\" decoding=\"async\" width=\"600\" height=\"332\" data-attachment-id=\"1520\" data-permalink=\"https:\/\/euroclub25.net\/?attachment_id=1520\" data-orig-file=\"https:\/\/i0.wp.com\/euroclub25.net\/wp-content\/uploads\/2023\/01\/image-1.png?fit=600%2C332&amp;ssl=1\" data-orig-size=\"600,332\" data-comments-opened=\"0\" data-image-meta=\"{&quot;aperture&quot;:&quot;0&quot;,&quot;credit&quot;:&quot;&quot;,&quot;camera&quot;:&quot;&quot;,&quot;caption&quot;:&quot;&quot;,&quot;created_timestamp&quot;:&quot;0&quot;,&quot;copyright&quot;:&quot;&quot;,&quot;focal_length&quot;:&quot;0&quot;,&quot;iso&quot;:&quot;0&quot;,&quot;shutter_speed&quot;:&quot;0&quot;,&quot;title&quot;:&quot;&quot;,&quot;orientation&quot;:&quot;0&quot;}\" data-image-title=\"image-1\" data-image-description=\"\" data-image-caption=\"\" data-medium-file=\"https:\/\/i0.wp.com\/euroclub25.net\/wp-content\/uploads\/2023\/01\/image-1.png?fit=300%2C166&amp;ssl=1\" data-large-file=\"https:\/\/i0.wp.com\/euroclub25.net\/wp-content\/uploads\/2023\/01\/image-1.png?fit=600%2C332&amp;ssl=1\" src=\"https:\/\/i0.wp.com\/euroclub25.net\/wp-content\/uploads\/2023\/01\/image-1.png?resize=600%2C332&#038;ssl=1\" alt=\"\" class=\"wp-image-1520 size-full\" srcset=\"https:\/\/i0.wp.com\/euroclub25.net\/wp-content\/uploads\/2023\/01\/image-1.png?w=600&amp;ssl=1 600w, https:\/\/i0.wp.com\/euroclub25.net\/wp-content\/uploads\/2023\/01\/image-1.png?resize=300%2C166&amp;ssl=1 300w\" sizes=\"auto, (max-width: 600px) 100vw, 600px\" \/><\/a><\/figure><div class=\"wp-block-media-text__content\">\n<p class=\"has-large-font-size\"><strong>Dimanche 20h &#8211; 22h<\/strong><\/p>\n\n\n\n<p><strong>GENERATION DANCE<\/strong>, 30 ans de Dance Music, Webradio &#8211; <a href=\"https:\/\/generation.dance\" target=\"_blank\" rel=\"noreferrer noopener\">https:\/\/generation.dance<\/a><\/p>\n<\/div><\/div>\n\n\n\n<hr class=\"wp-block-separator has-css-opacity is-style-wide\"\/>\n\n\n\n<div class=\"wp-block-media-text alignwide is-stacked-on-mobile\" style=\"grid-template-columns:23% auto\"><figure class=\"wp-block-media-text__media\"><a href=\"https:\/\/www.cuberadio.fr\"><img data-recalc-dims=\"1\" loading=\"lazy\" decoding=\"async\" width=\"750\" height=\"307\" data-attachment-id=\"1517\" data-permalink=\"https:\/\/euroclub25.net\/?attachment_id=1517\" data-orig-file=\"https:\/\/i0.wp.com\/euroclub25.net\/wp-content\/uploads\/2023\/01\/Logo-avec-Texte-Noir.png?fit=2500%2C1024&amp;ssl=1\" data-orig-size=\"2500,1024\" data-comments-opened=\"0\" data-image-meta=\"{&quot;aperture&quot;:&quot;0&quot;,&quot;credit&quot;:&quot;&quot;,&quot;camera&quot;:&quot;&quot;,&quot;caption&quot;:&quot;&quot;,&quot;created_timestamp&quot;:&quot;0&quot;,&quot;copyright&quot;:&quot;&quot;,&quot;focal_length&quot;:&quot;0&quot;,&quot;iso&quot;:&quot;0&quot;,&quot;shutter_speed&quot;:&quot;0&quot;,&quot;title&quot;:&quot;&quot;,&quot;orientation&quot;:&quot;0&quot;}\" data-image-title=\"Logo-avec-Texte-Noir\" data-image-description=\"\" data-image-caption=\"\" data-medium-file=\"https:\/\/i0.wp.com\/euroclub25.net\/wp-content\/uploads\/2023\/01\/Logo-avec-Texte-Noir.png?fit=300%2C123&amp;ssl=1\" data-large-file=\"https:\/\/i0.wp.com\/euroclub25.net\/wp-content\/uploads\/2023\/01\/Logo-avec-Texte-Noir.png?fit=750%2C307&amp;ssl=1\" src=\"https:\/\/i0.wp.com\/euroclub25.net\/wp-content\/uploads\/2023\/01\/Logo-avec-Texte-Noir.png?resize=750%2C307&#038;ssl=1\" alt=\"\" class=\"wp-image-1517 size-full\" srcset=\"https:\/\/i0.wp.com\/euroclub25.net\/wp-content\/uploads\/2023\/01\/Logo-avec-Texte-Noir.png?resize=1024%2C419&amp;ssl=1 1024w, https:\/\/i0.wp.com\/euroclub25.net\/wp-content\/uploads\/2023\/01\/Logo-avec-Texte-Noir.png?resize=300%2C123&amp;ssl=1 300w, https:\/\/i0.wp.com\/euroclub25.net\/wp-content\/uploads\/2023\/01\/Logo-avec-Texte-Noir.png?resize=768%2C315&amp;ssl=1 768w, https:\/\/i0.wp.com\/euroclub25.net\/wp-content\/uploads\/2023\/01\/Logo-avec-Texte-Noir.png?resize=1536%2C629&amp;ssl=1 1536w, https:\/\/i0.wp.com\/euroclub25.net\/wp-content\/uploads\/2023\/01\/Logo-avec-Texte-Noir.png?resize=2048%2C839&amp;ssl=1 2048w, https:\/\/i0.wp.com\/euroclub25.net\/wp-content\/uploads\/2023\/01\/Logo-avec-Texte-Noir.png?w=2250&amp;ssl=1 2250w\" sizes=\"auto, (max-width: 750px) 100vw, 750px\" \/><\/a><\/figure><div class=\"wp-block-media-text__content\">\n<p class=\"has-large-font-size\"><strong>Dimanche 16h &#8211; 18h<\/strong><\/p>\n\n\n\n<p><strong>CUBE RADIO<\/strong>, Hits, Cubes &amp; Tubes, Webradio &#8211; <a href=\"https:\/\/www.cuberadio.fr\" target=\"_blank\" rel=\"noreferrer noopener\">cuberadio.fr<\/a><\/p>\n<\/div><\/div>\n\n\n\n<hr class=\"wp-block-separator has-css-opacity is-style-wide\"\/>\n\n\n\n<div class=\"wp-block-media-text alignwide is-stacked-on-mobile\" style=\"grid-template-columns:23% auto\"><figure class=\"wp-block-media-text__media\"><img data-recalc-dims=\"1\" loading=\"lazy\" decoding=\"async\" width=\"698\" height=\"234\" data-attachment-id=\"1521\" data-permalink=\"https:\/\/euroclub25.net\/?attachment_id=1521\" data-orig-file=\"https:\/\/i0.wp.com\/euroclub25.net\/wp-content\/uploads\/2023\/01\/Nouveau-projet.png?fit=698%2C234&amp;ssl=1\" data-orig-size=\"698,234\" data-comments-opened=\"0\" data-image-meta=\"{&quot;aperture&quot;:&quot;0&quot;,&quot;credit&quot;:&quot;&quot;,&quot;camera&quot;:&quot;&quot;,&quot;caption&quot;:&quot;&quot;,&quot;created_timestamp&quot;:&quot;0&quot;,&quot;copyright&quot;:&quot;&quot;,&quot;focal_length&quot;:&quot;0&quot;,&quot;iso&quot;:&quot;0&quot;,&quot;shutter_speed&quot;:&quot;0&quot;,&quot;title&quot;:&quot;&quot;,&quot;orientation&quot;:&quot;0&quot;}\" data-image-title=\"Nouveau-projet\" data-image-description=\"\" data-image-caption=\"\" data-medium-file=\"https:\/\/i0.wp.com\/euroclub25.net\/wp-content\/uploads\/2023\/01\/Nouveau-projet.png?fit=300%2C101&amp;ssl=1\" data-large-file=\"https:\/\/i0.wp.com\/euroclub25.net\/wp-content\/uploads\/2023\/01\/Nouveau-projet.png?fit=698%2C234&amp;ssl=1\" src=\"https:\/\/i0.wp.com\/euroclub25.net\/wp-content\/uploads\/2023\/01\/Nouveau-projet.png?resize=698%2C234&#038;ssl=1\" alt=\"\" class=\"wp-image-1521 size-full\" srcset=\"https:\/\/i0.wp.com\/euroclub25.net\/wp-content\/uploads\/2023\/01\/Nouveau-projet.png?w=698&amp;ssl=1 698w, https:\/\/i0.wp.com\/euroclub25.net\/wp-content\/uploads\/2023\/01\/Nouveau-projet.png?resize=300%2C101&amp;ssl=1 300w\" sizes=\"auto, (max-width: 698px) 100vw, 698px\" \/><\/figure><div class=\"wp-block-media-text__content\">\n<p class=\"has-large-font-size\"><strong>Vendredi 20h &#8211; 22h<\/strong><\/p>\n\n\n\n<p><strong>GRIMALDI FM<\/strong>, DAB+ Nice et littoral, 94.8Mhz Puget-Theniers, 102.4 Mhz Annot<\/p>\n<\/div><\/div>\n\n\n\n<hr class=\"wp-block-separator has-css-opacity is-style-wide\"\/>\n\n\n\n<div class=\"wp-block-media-text alignwide is-stacked-on-mobile\" style=\"grid-template-columns:23% auto\"><figure class=\"wp-block-media-text__media\"><a href=\"https:\/\/layaute.net\"><img data-recalc-dims=\"1\" loading=\"lazy\" decoding=\"async\" width=\"750\" height=\"750\" data-attachment-id=\"1777\" data-permalink=\"https:\/\/euroclub25.net\/?attachment_id=1777\" data-orig-file=\"https:\/\/i0.wp.com\/euroclub25.net\/wp-content\/uploads\/2023\/09\/logo.jpg?fit=1080%2C1080&amp;ssl=1\" data-orig-size=\"1080,1080\" data-comments-opened=\"0\" data-image-meta=\"{&quot;aperture&quot;:&quot;0&quot;,&quot;credit&quot;:&quot;&quot;,&quot;camera&quot;:&quot;&quot;,&quot;caption&quot;:&quot;&quot;,&quot;created_timestamp&quot;:&quot;0&quot;,&quot;copyright&quot;:&quot;&quot;,&quot;focal_length&quot;:&quot;0&quot;,&quot;iso&quot;:&quot;0&quot;,&quot;shutter_speed&quot;:&quot;0&quot;,&quot;title&quot;:&quot;&quot;,&quot;orientation&quot;:&quot;0&quot;}\" data-image-title=\"logo\" data-image-description=\"\" data-image-caption=\"\" data-medium-file=\"https:\/\/i0.wp.com\/euroclub25.net\/wp-content\/uploads\/2023\/09\/logo.jpg?fit=300%2C300&amp;ssl=1\" data-large-file=\"https:\/\/i0.wp.com\/euroclub25.net\/wp-content\/uploads\/2023\/09\/logo.jpg?fit=750%2C750&amp;ssl=1\" src=\"https:\/\/i0.wp.com\/euroclub25.net\/wp-content\/uploads\/2023\/09\/logo.jpg?resize=750%2C750&#038;ssl=1\" alt=\"\" class=\"wp-image-1777 size-full\" srcset=\"https:\/\/i0.wp.com\/euroclub25.net\/wp-content\/uploads\/2023\/09\/logo.jpg?resize=1024%2C1024&amp;ssl=1 1024w, https:\/\/i0.wp.com\/euroclub25.net\/wp-content\/uploads\/2023\/09\/logo.jpg?resize=300%2C300&amp;ssl=1 300w, https:\/\/i0.wp.com\/euroclub25.net\/wp-content\/uploads\/2023\/09\/logo.jpg?resize=150%2C150&amp;ssl=1 150w, https:\/\/i0.wp.com\/euroclub25.net\/wp-content\/uploads\/2023\/09\/logo.jpg?resize=768%2C768&amp;ssl=1 768w, https:\/\/i0.wp.com\/euroclub25.net\/wp-content\/uploads\/2023\/09\/logo.jpg?resize=600%2C600&amp;ssl=1 600w, https:\/\/i0.wp.com\/euroclub25.net\/wp-content\/uploads\/2023\/09\/logo.jpg?resize=50%2C50&amp;ssl=1 50w, https:\/\/i0.wp.com\/euroclub25.net\/wp-content\/uploads\/2023\/09\/logo.jpg?w=1080&amp;ssl=1 1080w\" sizes=\"auto, (max-width: 750px) 100vw, 750px\" \/><\/a><\/figure><div class=\"wp-block-media-text__content\">\n<p class=\"has-large-font-size\"><strong>Vendredi 18h &#8211; 20h<\/strong><\/p>\n\n\n\n<p><strong>DHECTAR Club<\/strong>, Webradio, Dhectar.fr<\/p>\n<\/div><\/div>\n\n\n\n<hr class=\"wp-block-separator has-css-opacity is-style-wide\"\/>\n\n\n\n<p class=\"has-text-align-justify has-small-font-size\"><a href=\"https:\/\/euroclub25.net\/contact\/\">Vous aussi diffusez l&rsquo;Euro Club 25 sur votre radio en nous contactant via notre formulaire de contact (pr\u00e9cisez l&rsquo;objet <em>demande de diffusion<\/em>)<\/a><\/p>\n\n\n\n<p><\/p>\n","protected":false},"excerpt":{"rendered":"<p>Samedi 20h &gt; 22h Puls&rsquo; Radio : https:\/\/www.pulsradio.com\/ Samedi 18h &gt; 20h G One Radio : https:\/\/www.goneradio.com\/ Samedi 18h &gt; 20h Hits 1 Radio : https:\/\/www.hits1radio.com DAB + : France : De Menton \u00e0 Saint Tropez Espagne : &nbsp;Sur la Costa Blanca \u00e0 Valence, Murcia et Ibiza Samedi 20h &gt; [&hellip;]<\/p>\n","protected":false},"author":2,"featured_media":0,"parent":0,"menu_order":0,"comment_status":"closed","ping_status":"closed","template":"","meta":{"advgb_blocks_editor_width":"","advgb_blocks_columns_visual_guide":"","jetpack_post_was_ever_published":false,"footnotes":""},"class_list":["post-710","page","type-page","status-publish","hentry"],"coauthors":[],"author_meta":{"author_link":"https:\/\/euroclub25.net\/?author=2","display_name":"Eric Pyren"},"relative_dates":{"created":"Publi\u00e9 6 ans il y a","modified":"Mis \u00e0 jour 3 ans il y a"},"absolute_dates":{"created":"Publi\u00e9 le 11\/05\/2020","modified":"Mise \u00e0 jour le 26\/09\/2023"},"absolute_dates_time":{"created":"Publi\u00e9 le 11\/05\/2020 3:18 pm","modified":"Mise \u00e0 jour le 26\/09\/2023 9:21 am"},"featured_img_caption":"","featured_img":false,"series_order":"","featured_image_src":null,"featured_image_src_square":null,"jetpack_sharing_enabled":true,"_links":{"self":[{"href":"https:\/\/euroclub25.net\/index.php?rest_route=\/wp\/v2\/pages\/710","targetHints":{"allow":["GET"]}}],"collection":[{"href":"https:\/\/euroclub25.net\/index.php?rest_route=\/wp\/v2\/pages"}],"about":[{"href":"https:\/\/euroclub25.net\/index.php?rest_route=\/wp\/v2\/types\/page"}],"author":[{"embeddable":true,"href":"https:\/\/euroclub25.net\/index.php?rest_route=\/wp\/v2\/users\/2"}],"replies":[{"embeddable":true,"href":"https:\/\/euroclub25.net\/index.php?rest_route=%2Fwp%2Fv2%2Fcomments&post=710"}],"version-history":[{"count":35,"href":"https:\/\/euroclub25.net\/index.php?rest_route=\/wp\/v2\/pages\/710\/revisions"}],"predecessor-version":[{"id":1778,"href":"https:\/\/euroclub25.net\/index.php?rest_route=\/wp\/v2\/pages\/710\/revisions\/1778"}],"wp:attachment":[{"href":"https:\/\/euroclub25.net\/index.php?rest_route=%2Fwp%2Fv2%2Fmedia&parent=710"}],"curies":[{"name":"wp","href":"https:\/\/api.w.org\/{rel}","templated":true}]}}