{"id":986,"date":"2021-03-18T13:32:27","date_gmt":"2021-03-18T11:32:27","guid":{"rendered":"https:\/\/euroclub25.net\/?page_id=986"},"modified":"2021-04-06T11:38:59","modified_gmt":"2021-04-06T09:38:59","slug":"making-of-2","status":"publish","type":"page","link":"https:\/\/euroclub25.net\/?page_id=986","title":{"rendered":"Making-Of"},"content":{"rendered":"\n<div class=\"wp-block-genesis-blocks-gb-container gb-layout-landing-1 gb-block-container alignfull\"><div class=\"gb-container-inside\"><div class=\"gb-container-content\" style=\"max-width:1600px\">\n<div class=\"wp-block-genesis-blocks-gb-container gb-layout-landing-1 gb-block-container alignfull\"><div class=\"gb-container-inside\"><div class=\"gb-container-content\" style=\"max-width:1600px\">\n<div class=\"wp-block-genesis-blocks-gb-columns gb-layout-service-2 gb-layout-columns-1 one-column gb-columns-center\" style=\"padding-top:10%;padding-right:5%;padding-bottom:10%;padding-left:5%\"><div class=\"gb-layout-column-wrap gb-block-layout-column-gap-2 gb-is-responsive-column\" style=\"max-width:1200px\">\n<div class=\"wp-block-genesis-blocks-gb-column gb-block-layout-column\"><div class=\"gb-block-layout-column-inner\">\n<div style=\"margin-bottom:5%\" class=\"wp-block-genesis-blocks-gb-container gb-block-container\"><div class=\"gb-container-inside\"><div class=\"gb-container-content\" style=\"max-width:700px\"><\/div><\/div><\/div>\n\n\n\n<div class=\"wp-block-group\"><div class=\"wp-block-group__inner-container is-layout-flow wp-block-group-is-layout-flow\">\n<div class=\"wp-block-genesis-blocks-gb-columns gb-layout-columns-2 gb-2-col-wideleft\" style=\"margin-bottom:3%\"><div class=\"gb-layout-column-wrap gb-block-layout-column-gap-2 gb-is-responsive-column\">\n<div class=\"wp-block-genesis-blocks-gb-column gb-block-layout-column\"><div class=\"gb-block-layout-column-inner\">\n<h3 class=\"has-accent-color has-text-color wp-block-heading\"><span class=\"has-inline-color has-accent-color\"><strong>Comment est \u00e9tabli le classement ?<\/strong><\/span><\/h3>\n\n\n\n<p>Le classement est \u00e9tabli chaque semaine \u00e0 l&rsquo;aide des principaux classements des titres les plus jou\u00e9s en club.<\/p>\n\n\n\n<p><\/p>\n\n\n\n<p>Actuellement 21 pays composent le panel permettant d&rsquo;\u00e9tablir le classement.<\/p>\n\n\n\n<p><\/p>\n\n\n\n<p>Afin d&rsquo;\u00e9tablir un classement plus r\u00e9aliste des coefficients pond\u00e8rent les diff\u00e9rents hits europ\u00e9ens. Ceux-ci sont calcul\u00e9s entre autres en fonction de la population du pays, de son importance sur la sc\u00e8ne \u00e9lectronique\u2026<\/p>\n<\/div><\/div>\n\n\n\n<div class=\"wp-block-genesis-blocks-gb-column gb-block-layout-column\"><div class=\"gb-block-layout-column-inner has-accent-background-color has-white-color\">\n<div class=\"wp-block-group has-accent-background-color has-background\"><div class=\"wp-block-group__inner-container is-layout-flow wp-block-group-is-layout-flow\">\n<h4 class=\"has-text-align-center wp-block-heading\"> Les coefficients par pays<\/h4>\n\n\n\n<div class=\"wp-block-image\"><figure class=\"aligncenter size-large\"><a href=\"https:\/\/i0.wp.com\/euroclub25.net\/wp-content\/uploads\/2021\/03\/estimation-2.png?ssl=1\"><img data-recalc-dims=\"1\" loading=\"lazy\" decoding=\"async\" width=\"128\" height=\"128\" data-attachment-id=\"995\" data-permalink=\"https:\/\/euroclub25.net\/?attachment_id=995\" data-orig-file=\"https:\/\/i0.wp.com\/euroclub25.net\/wp-content\/uploads\/2021\/03\/estimation-2.png?fit=128%2C128&amp;ssl=1\" data-orig-size=\"128,128\" data-comments-opened=\"0\" data-image-meta=\"{&quot;aperture&quot;:&quot;0&quot;,&quot;credit&quot;:&quot;&quot;,&quot;camera&quot;:&quot;&quot;,&quot;caption&quot;:&quot;&quot;,&quot;created_timestamp&quot;:&quot;0&quot;,&quot;copyright&quot;:&quot;&quot;,&quot;focal_length&quot;:&quot;0&quot;,&quot;iso&quot;:&quot;0&quot;,&quot;shutter_speed&quot;:&quot;0&quot;,&quot;title&quot;:&quot;&quot;,&quot;orientation&quot;:&quot;0&quot;}\" data-image-title=\"estimation-2\" data-image-description=\"\" data-image-caption=\"\" data-medium-file=\"https:\/\/i0.wp.com\/euroclub25.net\/wp-content\/uploads\/2021\/03\/estimation-2.png?fit=128%2C128&amp;ssl=1\" data-large-file=\"https:\/\/i0.wp.com\/euroclub25.net\/wp-content\/uploads\/2021\/03\/estimation-2.png?fit=128%2C128&amp;ssl=1\" src=\"https:\/\/i0.wp.com\/euroclub25.net\/wp-content\/uploads\/2021\/03\/estimation-2.png?resize=128%2C128&#038;ssl=1\" alt=\"\" class=\"wp-image-995\"\/><\/a><\/figure><\/div>\n\n\n\n<div class=\"wp-block-advgb-list\"><ul class=\"advgblist-d783d7d9-44b7-4502-95e0-ef5baa0d6f1a advgb-list advgb-list-plus\"><li>Coefficient 5: France, Allemagne, Angleterre, Italie<\/li><li>Coefficient 4 : Belgique, Espagne, Suisse, Pays Bas<\/li><li>Coefficient 3 : Autriche, Su\u00e8de, Pologne, Portugal, Russie<\/li><li>Coefficient 2 : Danemark, Norv\u00e8ge, Finlande, R\u00e9publique Tch\u00e8que, Gr\u00e8ce<\/li><li>Coefficient 1 : Hongrie, Roumanie, Irlande<\/li><\/ul><\/div>\n<\/div><\/div>\n<\/div><\/div>\n<\/div><\/div>\n<\/div><\/div>\n<\/div><\/div>\n<\/div><\/div>\n<\/div><\/div><\/div>\n\n\n\n<div class=\"wp-block-genesis-blocks-gb-columns gb-layout-columns-2 gb-2-col-equal gb-has-custom-background-color gb-columns-center\" style=\"padding-top:10%;padding-right:5%;padding-bottom:10%;padding-left:5%;background-color:#2b2953\"><div class=\"gb-layout-column-wrap gb-block-layout-column-gap-2 gb-is-responsive-column\" style=\"max-width:1200px\">\n<div class=\"wp-block-genesis-blocks-gb-column gb-block-layout-column gb-is-vertically-aligned-center\"><div class=\"gb-block-layout-column-inner gb-has-custom-background-color gb-has-custom-text-color\" style=\"padding:8%;background-color:#5f58e5;color:#ffffff\">\n<h2 class=\"wp-block-heading\"><strong>Le saviez-vous ?<\/strong><\/h2>\n\n\n\n<p class=\"has-white-color has-text-color\">L&rsquo;Euroclub25 a \u00e9t\u00e9 cr\u00e9\u00e9 sur la webradio Puls&rsquo; radio en f\u00e9vrier 2001.<\/p>\n\n\n\n<p class=\"has-white-color has-text-color\">L&rsquo;Euro Dance Floor (c&rsquo;\u00e9tait son premier petit nom) parcourait les hits des clubs europ\u00e9ens sans \u00e9tablir de classement.<\/p>\n\n\n\n<p class=\"has-white-color has-text-color\">D&rsquo;une simple playlist au d\u00e9part, l&rsquo;\u00e9mission s&rsquo;est dot\u00e9e d&rsquo;un classement en 2006 et a \u00e9t\u00e9 renomm\u00e9e Euro Club 25 en r\u00e9f\u00e9rence aux 25 titres qui composent le classement. <\/p>\n<\/div><\/div>\n\n\n\n<div class=\"wp-block-genesis-blocks-gb-column gb-block-layout-column\"><div class=\"gb-block-layout-column-inner\">\n<figure class=\"wp-block-image size-large is-style-default\"><a href=\"https:\/\/i0.wp.com\/euroclub25.net\/wp-content\/uploads\/2021\/03\/Micro_Radio-scaled.jpg?ssl=1\"><img data-recalc-dims=\"1\" loading=\"lazy\" decoding=\"async\" width=\"750\" height=\"500\" data-attachment-id=\"1181\" data-permalink=\"https:\/\/euroclub25.net\/?attachment_id=1181\" data-orig-file=\"https:\/\/i0.wp.com\/euroclub25.net\/wp-content\/uploads\/2021\/03\/Micro_Radio-scaled.jpg?fit=2560%2C1707&amp;ssl=1\" data-orig-size=\"2560,1707\" data-comments-opened=\"0\" data-image-meta=\"{&quot;aperture&quot;:&quot;0&quot;,&quot;credit&quot;:&quot;&quot;,&quot;camera&quot;:&quot;&quot;,&quot;caption&quot;:&quot;&quot;,&quot;created_timestamp&quot;:&quot;0&quot;,&quot;copyright&quot;:&quot;&quot;,&quot;focal_length&quot;:&quot;0&quot;,&quot;iso&quot;:&quot;0&quot;,&quot;shutter_speed&quot;:&quot;0&quot;,&quot;title&quot;:&quot;&quot;,&quot;orientation&quot;:&quot;0&quot;}\" data-image-title=\"Micro_Radio\" data-image-description=\"\" data-image-caption=\"\" data-medium-file=\"https:\/\/i0.wp.com\/euroclub25.net\/wp-content\/uploads\/2021\/03\/Micro_Radio-scaled.jpg?fit=300%2C200&amp;ssl=1\" data-large-file=\"https:\/\/i0.wp.com\/euroclub25.net\/wp-content\/uploads\/2021\/03\/Micro_Radio-scaled.jpg?fit=750%2C500&amp;ssl=1\" src=\"https:\/\/i0.wp.com\/euroclub25.net\/wp-content\/uploads\/2021\/03\/Micro_Radio.jpg?resize=750%2C500&#038;ssl=1\" alt=\"\" class=\"wp-image-1181\" srcset=\"https:\/\/i0.wp.com\/euroclub25.net\/wp-content\/uploads\/2021\/03\/Micro_Radio-scaled.jpg?resize=1024%2C683&amp;ssl=1 1024w, https:\/\/i0.wp.com\/euroclub25.net\/wp-content\/uploads\/2021\/03\/Micro_Radio-scaled.jpg?resize=300%2C200&amp;ssl=1 300w, https:\/\/i0.wp.com\/euroclub25.net\/wp-content\/uploads\/2021\/03\/Micro_Radio-scaled.jpg?resize=768%2C512&amp;ssl=1 768w, https:\/\/i0.wp.com\/euroclub25.net\/wp-content\/uploads\/2021\/03\/Micro_Radio-scaled.jpg?resize=1536%2C1024&amp;ssl=1 1536w, https:\/\/i0.wp.com\/euroclub25.net\/wp-content\/uploads\/2021\/03\/Micro_Radio-scaled.jpg?resize=2048%2C1365&amp;ssl=1 2048w, https:\/\/i0.wp.com\/euroclub25.net\/wp-content\/uploads\/2021\/03\/Micro_Radio-scaled.jpg?resize=600%2C400&amp;ssl=1 600w, https:\/\/i0.wp.com\/euroclub25.net\/wp-content\/uploads\/2021\/03\/Micro_Radio-scaled.jpg?resize=360%2C240&amp;ssl=1 360w, https:\/\/i0.wp.com\/euroclub25.net\/wp-content\/uploads\/2021\/03\/Micro_Radio-scaled.jpg?w=2250&amp;ssl=1 2250w\" sizes=\"auto, (max-width: 750px) 100vw, 750px\" \/><\/a><\/figure>\n<\/div><\/div>\n<\/div><\/div>\n\n\n\n<div class=\"wp-block-genesis-blocks-gb-columns gpb-slate-section-blog-posts gb-layout-columns-1 gb-1-col-equal has-white-background-color gb-columns-center alignfull\" style=\"padding-top:6em;padding-right:1em;padding-bottom:3em;padding-left:1em\"><div class=\"gb-layout-column-wrap gb-block-layout-column-gap-2 gb-is-responsive-column\" style=\"max-width:1200px\">\n<div class=\"wp-block-genesis-blocks-gb-column gb-block-layout-column\"><div class=\"gb-block-layout-column-inner\"><section class=\"gb-block-post-grid featuredpost aligncenter\"><div class=\"gb-post-grid-items is-list\"><article id=\"post-2834\" class=\"gb-post-grid-item post-2834 post type-post status-publish format-standard has-post-thumbnail hentry category-uncategorized\"><div class=\"gb-block-post-grid-image\"><a href=\"https:\/\/euroclub25.net\/?p=2834\" rel=\"bookmark\" aria-hidden=\"true\" tabindex=\"-1\"><img loading=\"lazy\" decoding=\"async\" width=\"300\" height=\"300\" src=\"https:\/\/i0.wp.com\/euroclub25.net\/wp-content\/uploads\/2025\/11\/Dreams.jpg?fit=300%2C300&amp;ssl=1\" class=\"attachment-medium size-medium\" alt=\"\" srcset=\"https:\/\/i0.wp.com\/euroclub25.net\/wp-content\/uploads\/2025\/11\/Dreams.jpg?w=2000&amp;ssl=1 2000w, https:\/\/i0.wp.com\/euroclub25.net\/wp-content\/uploads\/2025\/11\/Dreams.jpg?resize=300%2C300&amp;ssl=1 300w, https:\/\/i0.wp.com\/euroclub25.net\/wp-content\/uploads\/2025\/11\/Dreams.jpg?resize=1024%2C1024&amp;ssl=1 1024w, https:\/\/i0.wp.com\/euroclub25.net\/wp-content\/uploads\/2025\/11\/Dreams.jpg?resize=150%2C150&amp;ssl=1 150w, https:\/\/i0.wp.com\/euroclub25.net\/wp-content\/uploads\/2025\/11\/Dreams.jpg?resize=768%2C768&amp;ssl=1 768w, https:\/\/i0.wp.com\/euroclub25.net\/wp-content\/uploads\/2025\/11\/Dreams.jpg?resize=1536%2C1536&amp;ssl=1 1536w, https:\/\/i0.wp.com\/euroclub25.net\/wp-content\/uploads\/2025\/11\/Dreams.jpg?resize=600%2C600&amp;ssl=1 600w, https:\/\/i0.wp.com\/euroclub25.net\/wp-content\/uploads\/2025\/11\/Dreams.jpg?resize=50%2C50&amp;ssl=1 50w\" sizes=\"auto, (max-width: 300px) 100vw, 300px\" data-attachment-id=\"2835\" data-permalink=\"https:\/\/euroclub25.net\/?attachment_id=2835\" data-orig-file=\"https:\/\/i0.wp.com\/euroclub25.net\/wp-content\/uploads\/2025\/11\/Dreams.jpg?fit=2000%2C2000&amp;ssl=1\" data-orig-size=\"2000,2000\" data-comments-opened=\"0\" data-image-meta=\"{&quot;aperture&quot;:&quot;0&quot;,&quot;credit&quot;:&quot;&quot;,&quot;camera&quot;:&quot;&quot;,&quot;caption&quot;:&quot;&quot;,&quot;created_timestamp&quot;:&quot;0&quot;,&quot;copyright&quot;:&quot;&quot;,&quot;focal_length&quot;:&quot;0&quot;,&quot;iso&quot;:&quot;0&quot;,&quot;shutter_speed&quot;:&quot;0&quot;,&quot;title&quot;:&quot;&quot;,&quot;orientation&quot;:&quot;1&quot;}\" data-image-title=\"Dreams\" data-image-description=\"\" data-image-caption=\"\" data-medium-file=\"https:\/\/i0.wp.com\/euroclub25.net\/wp-content\/uploads\/2025\/11\/Dreams.jpg?fit=300%2C300&amp;ssl=1\" data-large-file=\"https:\/\/i0.wp.com\/euroclub25.net\/wp-content\/uploads\/2025\/11\/Dreams.jpg?fit=750%2C750&amp;ssl=1\" \/><\/a><\/div><div class=\"gb-block-post-grid-text\"><header class=\"gb-block-post-grid-header\"><h3 class=\"gb-block-post-grid-title\"><a href=\"https:\/\/euroclub25.net\/?p=2834\" rel=\"bookmark\">Inside My Dream \u2013 PHED d\u00e9voile son tout premier single !<\/a><\/h3><div class=\"gb-block-post-grid-byline\"><\/div><\/header><div class=\"gb-block-post-grid-excerpt\"><p>Euro Club 25 est fier de soutenir la sortie du premier titre original de PHED, Inside My Dream, disponible d\u00e8s maintenant sur toutes les plateformes de streaming. Producteur \u00e9lectro fran\u00e7ais, PHED travaille \u00e9galement \u00e0 la r\u00e9alisation de l\u2019Euro Club 25, apportant sa touche sonore et sa sensibilit\u00e9 artistique \u00e0 l\u2019\u00e9mission. Avec Inside My Dream, il\u2026<\/p>\n<p><a class=\"gb-block-post-grid-more-link gb-text-link\" href=\"https:\/\/euroclub25.net\/?p=2834\" rel=\"bookmark\">Lire la suite <span class=\"screen-reader-text\">Inside My Dream \u2013 PHED d\u00e9voile son tout premier single !<\/span><\/a><\/p><\/div><\/div><\/article>\n<\/div><\/section><\/div><\/div>\n<\/div><\/div>\n<\/div><\/div><\/div>\n\n\n\n<p><\/p>\n<style class=\"advgb-styles-renderer\">.wp-block-advgb-list ul.advgblist-d783d7d9-44b7-4502-95e0-ef5baa0d6f1a > li{font-size:16px;}.wp-block-advgb-list ul.advgblist-d783d7d9-44b7-4502-95e0-ef5baa0d6f1a > li{padding-left:18px;margin-left:0;}.wp-block-advgb-list ul.advgblist-d783d7d9-44b7-4502-95e0-ef5baa0d6f1a > li:before{font-size:16px;color:#ffffff;line-height:18px;margin:2px;padding:2px;margin-left:-20px}.wp-block-advgb-list ul.advgblist-d783d7d9-44b7-4502-95e0-ef5baa0d6f1a > li{font-size:16px;}.wp-block-advgb-list ul.advgblist-d783d7d9-44b7-4502-95e0-ef5baa0d6f1a > li{padding-left:18px;margin-left:0;}.wp-block-advgb-list ul.advgblist-d783d7d9-44b7-4502-95e0-ef5baa0d6f1a > li:before{font-size:16px;color:#ffffff;line-height:18px;margin:2px;padding:2px;margin-left:-20px}.wp-block-advgb-list ul.advgblist-d783d7d9-44b7-4502-95e0-ef5baa0d6f1a > li{font-size:16px;}.wp-block-advgb-list ul.advgblist-d783d7d9-44b7-4502-95e0-ef5baa0d6f1a > li{padding-left:18px;margin-left:0;}.wp-block-advgb-list ul.advgblist-d783d7d9-44b7-4502-95e0-ef5baa0d6f1a > li:before{font-size:16px;color:#ffffff;line-height:18px;margin:2px;padding:2px;margin-left:-20px}.wp-block-advgb-list ul.advgblist-d783d7d9-44b7-4502-95e0-ef5baa0d6f1a > li{font-size:16px;}.wp-block-advgb-list ul.advgblist-d783d7d9-44b7-4502-95e0-ef5baa0d6f1a > li{padding-left:18px;margin-left:0;}.wp-block-advgb-list ul.advgblist-d783d7d9-44b7-4502-95e0-ef5baa0d6f1a > li:before{font-size:16px;color:#ffffff;line-height:18px;margin:2px;padding:2px;margin-left:-20px}.wp-block-advgb-list ul.advgblist-d783d7d9-44b7-4502-95e0-ef5baa0d6f1a > li{font-size:16px;}.wp-block-advgb-list ul.advgblist-d783d7d9-44b7-4502-95e0-ef5baa0d6f1a > li{padding-left:18px;margin-left:0;}.wp-block-advgb-list ul.advgblist-d783d7d9-44b7-4502-95e0-ef5baa0d6f1a > li:before{font-size:16px;color:#ffffff;line-height:18px;margin:2px;padding:2px;margin-left:-20px}.wp-block-advgb-list ul.advgblist-d783d7d9-44b7-4502-95e0-ef5baa0d6f1a > li{font-size:16px;}.wp-block-advgb-list ul.advgblist-d783d7d9-44b7-4502-95e0-ef5baa0d6f1a > li{padding-left:18px;margin-left:0;}.wp-block-advgb-list ul.advgblist-d783d7d9-44b7-4502-95e0-ef5baa0d6f1a > li:before{font-size:16px;color:#ffffff;line-height:18px;margin:2px;padding:2px;margin-left:-20px}.wp-block-advgb-list ul.advgblist-d783d7d9-44b7-4502-95e0-ef5baa0d6f1a > li{font-size:16px;}.wp-block-advgb-list ul.advgblist-d783d7d9-44b7-4502-95e0-ef5baa0d6f1a > li{padding-left:18px;margin-left:0;}.wp-block-advgb-list ul.advgblist-d783d7d9-44b7-4502-95e0-ef5baa0d6f1a > li:before{font-size:16px;color:#ffffff;line-height:18px;margin:2px;padding:2px;margin-left:-20px}.wp-block-advgb-list ul.advgblist-d783d7d9-44b7-4502-95e0-ef5baa0d6f1a > li{font-size:16px;}.wp-block-advgb-list ul.advgblist-d783d7d9-44b7-4502-95e0-ef5baa0d6f1a > li{padding-left:18px;margin-left:0;}.wp-block-advgb-list ul.advgblist-d783d7d9-44b7-4502-95e0-ef5baa0d6f1a > li:before{font-size:16px;color:#ffffff;line-height:18px;margin:2px;padding:2px;margin-left:-20px}.wp-block-advgb-list ul.advgblist-d783d7d9-44b7-4502-95e0-ef5baa0d6f1a > li{font-size:16px;}.wp-block-advgb-list ul.advgblist-d783d7d9-44b7-4502-95e0-ef5baa0d6f1a > li{padding-left:18px;margin-left:0;}.wp-block-advgb-list ul.advgblist-d783d7d9-44b7-4502-95e0-ef5baa0d6f1a > li:before{font-size:16px;color:#ffffff;line-height:18px;margin:2px;padding:2px;margin-left:-20px}<\/style>","protected":false},"excerpt":{"rendered":"","protected":false},"author":2,"featured_media":0,"parent":0,"menu_order":0,"comment_status":"closed","ping_status":"closed","template":"","meta":{"advgb_blocks_editor_width":"","advgb_blocks_columns_visual_guide":"","jetpack_post_was_ever_published":false,"footnotes":""},"class_list":["post-986","page","type-page","status-publish","hentry"],"coauthors":[],"author_meta":{"author_link":"https:\/\/euroclub25.net\/?author=2","display_name":"Eric Pyren"},"relative_dates":{"created":"Publi\u00e9 5 ans il y a","modified":"Mis \u00e0 jour 5 ans il y a"},"absolute_dates":{"created":"Publi\u00e9 le 18\/03\/2021","modified":"Mise \u00e0 jour le 06\/04\/2021"},"absolute_dates_time":{"created":"Publi\u00e9 le 18\/03\/2021 1:32 pm","modified":"Mise \u00e0 jour le 06\/04\/2021 11:38 am"},"featured_img_caption":"","featured_img":false,"series_order":"","featured_image_src":null,"featured_image_src_square":null,"jetpack_sharing_enabled":true,"_links":{"self":[{"href":"https:\/\/euroclub25.net\/index.php?rest_route=\/wp\/v2\/pages\/986","targetHints":{"allow":["GET"]}}],"collection":[{"href":"https:\/\/euroclub25.net\/index.php?rest_route=\/wp\/v2\/pages"}],"about":[{"href":"https:\/\/euroclub25.net\/index.php?rest_route=\/wp\/v2\/types\/page"}],"author":[{"embeddable":true,"href":"https:\/\/euroclub25.net\/index.php?rest_route=\/wp\/v2\/users\/2"}],"replies":[{"embeddable":true,"href":"https:\/\/euroclub25.net\/index.php?rest_route=%2Fwp%2Fv2%2Fcomments&post=986"}],"version-history":[{"count":27,"href":"https:\/\/euroclub25.net\/index.php?rest_route=\/wp\/v2\/pages\/986\/revisions"}],"predecessor-version":[{"id":1231,"href":"https:\/\/euroclub25.net\/index.php?rest_route=\/wp\/v2\/pages\/986\/revisions\/1231"}],"wp:attachment":[{"href":"https:\/\/euroclub25.net\/index.php?rest_route=%2Fwp%2Fv2%2Fmedia&parent=986"}],"curies":[{"name":"wp","href":"https:\/\/api.w.org\/{rel}","templated":true}]}}